{"id":281,"date":"2021-04-14T05:38:57","date_gmt":"2021-04-14T03:38:57","guid":{"rendered":"https:\/\/zut.zagorz.net\/?page_id=281"},"modified":"2021-04-15T11:41:48","modified_gmt":"2021-04-15T09:41:48","slug":"podaj-stan-licznika","status":"publish","type":"page","link":"https:\/\/zut.zagorz.net\/?page_id=281","title":{"rendered":"Podaj stan licznika"},"content":{"rendered":"\n<div class=\"wp-block-kadence-form kadence-form-_5d6593-e4 kb-form-wrap\"><form class=\"kb-form\" action=\"\" method=\"post\"><div class=\"kadence-blocks-form-field kb-field-desk-width-100 kb-input-size-standard\"><label for=\"kb_field__5d6593-e4_0\">Symbol kartoteki<span class=\"required\">*<\/span><\/label><input name=\"kb_field_0\" id=\"kb_field__5d6593-e4_0\" data-label=\"Symbol kartoteki\" type=\"text\" placeholder=\"\" value=\"\" data-type=\"text\" class=\"kb-field kb-text-style-field kb-text-field kb-field-0\" data-required=\"yes\"\/><span class=\"kb-field-help\">Podaj symbol kartoteki &#8211; widoczny na fakturze<\/span><\/div><div class=\"kadence-blocks-form-field kb-form-field-1 kb-field-desk-width-100 kb-input-size-standard\"><label for=\"kb_field__5d6593-e4_1\">Numer licznika<span class=\"required\">*<\/span><\/label><input name=\"kb_field_1\" id=\"kb_field__5d6593-e4_1\" data-label=\"Numer licznika\" type=\"text\" placeholder=\"\" value=\"\" data-type=\"text\" class=\"kb-field kb-text-style-field kb-text-field kb-field-1\" data-required=\"yes\"\/><span class=\"kb-field-help\">Podaj pe\u0142ny numer licznika odczytany z urz\u0105dzenia pomiarowego<\/span><\/div><div class=\"kadence-blocks-form-field kb-form-field-2 kb-field-desk-width-100 kb-input-size-standard\"><label for=\"kb_field__5d6593-e4_2\">Stan licznika<span class=\"required\">*<\/span><\/label><input name=\"kb_field_2\" id=\"kb_field__5d6593-e4_2\" data-label=\"Stan licznika\" type=\"text\" placeholder=\"\" value=\"\" data-type=\"text\" class=\"kb-field kb-text-style-field kb-text-field kb-field-2\" data-required=\"yes\"\/><span class=\"kb-field-help\">Podaj pe\u0142ny stan licznika, uwzgl\u0119dniaj\u0105c przecinek i warto\u015b\u0107 po przecinku<\/span><\/div><div class=\"kadence-blocks-form-field kb-form-field-3 kb-field-desk-width-100 kb-input-size-standard\"><label for=\"kb_field__5d6593-e4_3\">Data odczytu<span class=\"required\">*<\/span><\/label><input name=\"kb_field_3\" id=\"kb_field__5d6593-e4_3\" data-label=\"Data odczytu\" type=\"text\" placeholder=\"\" value=\"\" data-type=\"text\" class=\"kb-field kb-text-style-field kb-text-field kb-field-3\" data-required=\"yes\"\/><span class=\"kb-field-help\">Podaj dat\u0119 w formacie RRRR-MM-DD<\/span><\/div><input type=\"hidden\" name=\"_kb_form_id\" value=\"_5d6593-e4\"\/><input type=\"hidden\" name=\"_kb_form_post_id\" value=\"281\"\/><input type=\"hidden\" name=\"action\" value=\"kb_process_ajax_submit\"\/><input class=\"kadence-blocks-field verify\" type=\"text\" name=\"_kb_verify_email\" autocomplete=\"off\" placeholder=\"Email\" tabindex=\"-1\"\/><div class=\"kadence-blocks-form-field kb-submit-field kb-field-desk-width-100\"><button class=\"kb-forms-submit button kb-button-size-standard kb-button-width-auto\">Wy\u015blij<\/button><\/div><\/form><\/div>\n<noscript><div class=\"kadence-blocks-form-message kadence-blocks-form-warning\">Please enable JavaScript in your browser to submit the form<\/div><style>.kadence-form-_5d6593-e4 .kadence-blocks-form-field.kb-submit-field { display: none; }<\/style><\/noscript>","protected":false},"excerpt":{"rendered":"","protected":false},"author":1,"featured_media":0,"parent":0,"menu_order":0,"comment_status":"closed","ping_status":"closed","template":"","meta":{"kt_blocks_editor_width":"","footnotes":""},"class_list":["post-281","page","type-page","status-publish","hentry"],"_links":{"self":[{"href":"https:\/\/zut.zagorz.net\/index.php?rest_route=\/wp\/v2\/pages\/281"}],"collection":[{"href":"https:\/\/zut.zagorz.net\/index.php?rest_route=\/wp\/v2\/pages"}],"about":[{"href":"https:\/\/zut.zagorz.net\/index.php?rest_route=\/wp\/v2\/types\/page"}],"author":[{"embeddable":true,"href":"https:\/\/zut.zagorz.net\/index.php?rest_route=\/wp\/v2\/users\/1"}],"replies":[{"embeddable":true,"href":"https:\/\/zut.zagorz.net\/index.php?rest_route=%2Fwp%2Fv2%2Fcomments&post=281"}],"version-history":[{"count":8,"href":"https:\/\/zut.zagorz.net\/index.php?rest_route=\/wp\/v2\/pages\/281\/revisions"}],"predecessor-version":[{"id":293,"href":"https:\/\/zut.zagorz.net\/index.php?rest_route=\/wp\/v2\/pages\/281\/revisions\/293"}],"wp:attachment":[{"href":"https:\/\/zut.zagorz.net\/index.php?rest_route=%2Fwp%2Fv2%2Fmedia&parent=281"}],"curies":[{"name":"wp","href":"https:\/\/api.w.org\/{rel}","templated":true}]}}