{"id":6,"date":"2021-04-03T14:49:55","date_gmt":"2021-04-03T12:49:55","guid":{"rendered":"https:\/\/zut.zagorz.net\/?page_id=6"},"modified":"2021-12-29T08:13:32","modified_gmt":"2021-12-29T07:13:32","slug":"witamy-na-stronie-zakladu-uslug-technicznych-w-zagorzu","status":"publish","type":"page","link":"https:\/\/zut.zagorz.net\/","title":{"rendered":"Witamy na stronie Zak\u0142adu Us\u0142ug Technicznych Sp. z o.o. w Zag\u00f3rzu"},"content":{"rendered":"<div class=\"wp-block-kadence-posts kb-posts kb-posts-id-_354369-0d content-wrap grid-cols kb-posts-style-boxed grid-sm-col-1 grid-lg-col-1 item-image-style-beside\"><article class=\"entry content-bg loop-entry post-1271 post type-post status-publish format-standard hentry category-komunikaty\">\n\t\t<div class=\"entry-content-wrap\">\n\t\t<header class=\"entry-header\">\n\t\t<div class=\"entry-taxonomies\">\n\t\t<span class=\"category-links term-links category-style-normal\">\n\t\t\t<a href=\"https:\/\/zut.zagorz.net\/?cat=2\" rel=\"category\">Komunikaty<\/a>\t\t<\/span>\n\t<\/div><!-- .entry-taxonomies -->\n\t<h4 class=\"entry-title\"><a href=\"https:\/\/zut.zagorz.net\/?p=1271\" rel=\"bookmark\">INFORMACJA<\/a><\/h4>\t<div class=\"entry-meta entry-meta-divider-dot\">\n\t<span class=\"posted-by\"><span class=\"meta-label\">Autor<\/span><span class=\"author vcard\"><span class=\"fn n\">Robert \u0141ag\u00f3dka<\/span><\/span><\/span>\t\t\t<span class=\"posted-on\">\n\t\t\t\t<span class=\"meta-label\">Opublikowano:<\/span><time class=\"entry-date published\" datetime=\"2025-12-18T14:12:29+01:00\">18 grudnia, 2025<\/time><time class=\"updated\" datetime=\"2025-12-18T14:12:30+01:00\">18 grudnia, 2025<\/time>\t\t\t<\/span>\n\t\t\t\t<\/div><!-- .entry-meta -->\n\t<\/header><!-- .entry-header -->\n\t<div class=\"entry-summary\">\n\t\t<p>W dniu 02.01.2026 ( Pi\u0105tek) Biuro Zak\u0142adu Us\u0142ug Technicznych Sp. z o.o. i PSZOK b\u0119dzie nieczynne. Za utrudnienia przepraszamy.<\/p>\n\t<\/div><!-- .entry-summary -->\n\t<footer class=\"entry-footer\">\n\t\t\t<div class=\"entry-actions\">\n\t\t\t<p class=\"more-link-wrap\">\n\t\t\t\t<a href=\"https:\/\/zut.zagorz.net\/?p=1271\" class=\"post-more-link\">\n\t\t\t\t\tCzytaj wi\u0119cej<span class=\"screen-reader-text\"> INFORMACJA<\/span><span class=\"kadence-svg-iconset svg-baseline\"><svg aria-hidden=\"true\" class=\"kadence-svg-icon kadence-arrow-right-alt-svg\" fill=\"currentColor\" version=\"1.1\" xmlns=\"http:\/\/www.w3.org\/2000\/svg\" width=\"27\" height=\"28\" viewBox=\"0 0 27 28\"><title>Continue<\/title><path d=\"M27 13.953c0 0.141-0.063 0.281-0.156 0.375l-6 5.531c-0.156 0.141-0.359 0.172-0.547 0.094-0.172-0.078-0.297-0.25-0.297-0.453v-3.5h-19.5c-0.281 0-0.5-0.219-0.5-0.5v-3c0-0.281 0.219-0.5 0.5-0.5h19.5v-3.5c0-0.203 0.109-0.375 0.297-0.453s0.391-0.047 0.547 0.078l6 5.469c0.094 0.094 0.156 0.219 0.156 0.359v0z\"><\/path>\n\t\t\t<\/svg><\/span>\t\t\t\t<\/a>\n\t\t\t<\/p>\n\t\t<\/div><!-- .entry-actions -->\n\t\t<\/footer><!-- .entry-footer -->\t<\/div>\n<\/article>\n<article class=\"entry content-bg loop-entry post-1260 post type-post status-publish format-standard hentry category-komunikaty\">\n\t\t<div class=\"entry-content-wrap\">\n\t\t<header class=\"entry-header\">\n\t\t<div class=\"entry-taxonomies\">\n\t\t<span class=\"category-links term-links category-style-normal\">\n\t\t\t<a href=\"https:\/\/zut.zagorz.net\/?cat=2\" rel=\"category\">Komunikaty<\/a>\t\t<\/span>\n\t<\/div><!-- .entry-taxonomies -->\n\t<h4 class=\"entry-title\"><a href=\"https:\/\/zut.zagorz.net\/?p=1260\" rel=\"bookmark\">ZAWIADOMIENIE<\/a><\/h4>\t<div class=\"entry-meta entry-meta-divider-dot\">\n\t<span class=\"posted-by\"><span class=\"meta-label\">Autor<\/span><span class=\"author vcard\"><span class=\"fn n\">Robert \u0141ag\u00f3dka<\/span><\/span><\/span>\t\t\t<span class=\"posted-on\">\n\t\t\t\t<span class=\"meta-label\">Opublikowano:<\/span><time class=\"entry-date published updated\" datetime=\"2025-12-03T10:12:45+01:00\">3 grudnia, 2025<\/time>\t\t\t<\/span>\n\t\t\t\t<\/div><!-- .entry-meta -->\n\t<\/header><!-- .entry-header -->\n\t<div class=\"entry-summary\">\n\t\t<p>ZAWIADOMIENIE O ZMIANIE TERMINU ODBIORU ODPAD\u00d3W Z TERENU OSIEDLA WIELOPOLE I MIEJSCOWO\u015aCI ZAHUTY\u0143 W zwi\u0105zku z ustanowieniem dnia 24 grudnia &#8211; dniem wolnym od pracy, wyst\u0105pi\u0142a konieczno\u015b\u0107 zmiany terminu odbioru odpad\u00f3w zaplanowanych w tym dniu NOWY TERMIN ODBIORU ODPAD\u00d3W 1- Osiedle Wielopole &#8211; 22.12.2025 2- Zahuty\u0144 &#8211; 23.12.2025<\/p>\n\t<\/div><!-- .entry-summary -->\n\t<footer class=\"entry-footer\">\n\t\t\t<div class=\"entry-actions\">\n\t\t\t<p class=\"more-link-wrap\">\n\t\t\t\t<a href=\"https:\/\/zut.zagorz.net\/?p=1260\" class=\"post-more-link\">\n\t\t\t\t\tCzytaj wi\u0119cej<span class=\"screen-reader-text\"> ZAWIADOMIENIE<\/span><span class=\"kadence-svg-iconset svg-baseline\"><svg aria-hidden=\"true\" class=\"kadence-svg-icon kadence-arrow-right-alt-svg\" fill=\"currentColor\" version=\"1.1\" xmlns=\"http:\/\/www.w3.org\/2000\/svg\" width=\"27\" height=\"28\" viewBox=\"0 0 27 28\"><title>Continue<\/title><path d=\"M27 13.953c0 0.141-0.063 0.281-0.156 0.375l-6 5.531c-0.156 0.141-0.359 0.172-0.547 0.094-0.172-0.078-0.297-0.25-0.297-0.453v-3.5h-19.5c-0.281 0-0.5-0.219-0.5-0.5v-3c0-0.281 0.219-0.5 0.5-0.5h19.5v-3.5c0-0.203 0.109-0.375 0.297-0.453s0.391-0.047 0.547 0.078l6 5.469c0.094 0.094 0.156 0.219 0.156 0.359v0z\"><\/path>\n\t\t\t<\/svg><\/span>\t\t\t\t<\/a>\n\t\t\t<\/p>\n\t\t<\/div><!-- .entry-actions -->\n\t\t<\/footer><!-- .entry-footer -->\t<\/div>\n<\/article>\n<article class=\"entry content-bg loop-entry post-1255 post type-post status-publish format-standard hentry category-komunikaty\">\n\t\t<div class=\"entry-content-wrap\">\n\t\t<header class=\"entry-header\">\n\t\t<div class=\"entry-taxonomies\">\n\t\t<span class=\"category-links term-links category-style-normal\">\n\t\t\t<a href=\"https:\/\/zut.zagorz.net\/?cat=2\" rel=\"category\">Komunikaty<\/a>\t\t<\/span>\n\t<\/div><!-- .entry-taxonomies -->\n\t<h4 class=\"entry-title\"><a href=\"https:\/\/zut.zagorz.net\/?p=1255\" rel=\"bookmark\">Informacja o przebiegu inwestycji pn. \u201ePrzebudowa i rozbudowa oczyszczalni \u015bciek\u00f3w w Zag\u00f3rzu wraz z przy\u0142\u0105czem energetycznym\u201d<\/a><\/h4>\t<div class=\"entry-meta entry-meta-divider-dot\">\n\t<span class=\"posted-by\"><span class=\"meta-label\">Autor<\/span><span class=\"author vcard\"><span class=\"fn n\">Robert \u0141ag\u00f3dka<\/span><\/span><\/span>\t\t\t<span class=\"posted-on\">\n\t\t\t\t<span class=\"meta-label\">Opublikowano:<\/span><time class=\"entry-date published\" datetime=\"2025-12-01T07:13:17+01:00\">1 grudnia, 2025<\/time><time class=\"updated\" datetime=\"2025-12-01T07:13:18+01:00\">1 grudnia, 2025<\/time>\t\t\t<\/span>\n\t\t\t\t<\/div><!-- .entry-meta -->\n\t<\/header><!-- .entry-header -->\n\t<div class=\"entry-summary\">\n\t\t<p>Kolejny etap prac przy modernizacji oczyszczalni \u015bciek\u00f3w:<\/p>\n\t<\/div><!-- .entry-summary -->\n\t<footer class=\"entry-footer\">\n\t\t\t<div class=\"entry-actions\">\n\t\t\t<p class=\"more-link-wrap\">\n\t\t\t\t<a href=\"https:\/\/zut.zagorz.net\/?p=1255\" class=\"post-more-link\">\n\t\t\t\t\tCzytaj wi\u0119cej<span class=\"screen-reader-text\"> Informacja o przebiegu inwestycji pn. \u201ePrzebudowa i rozbudowa oczyszczalni \u015bciek\u00f3w w Zag\u00f3rzu wraz z przy\u0142\u0105czem energetycznym\u201d<\/span><span class=\"kadence-svg-iconset svg-baseline\"><svg aria-hidden=\"true\" class=\"kadence-svg-icon kadence-arrow-right-alt-svg\" fill=\"currentColor\" version=\"1.1\" xmlns=\"http:\/\/www.w3.org\/2000\/svg\" width=\"27\" height=\"28\" viewBox=\"0 0 27 28\"><title>Continue<\/title><path d=\"M27 13.953c0 0.141-0.063 0.281-0.156 0.375l-6 5.531c-0.156 0.141-0.359 0.172-0.547 0.094-0.172-0.078-0.297-0.25-0.297-0.453v-3.5h-19.5c-0.281 0-0.5-0.219-0.5-0.5v-3c0-0.281 0.219-0.5 0.5-0.5h19.5v-3.5c0-0.203 0.109-0.375 0.297-0.453s0.391-0.047 0.547 0.078l6 5.469c0.094 0.094 0.156 0.219 0.156 0.359v0z\"><\/path>\n\t\t\t<\/svg><\/span>\t\t\t\t<\/a>\n\t\t\t<\/p>\n\t\t<\/div><!-- .entry-actions -->\n\t\t<\/footer><!-- .entry-footer -->\t<\/div>\n<\/article>\n<article class=\"entry content-bg loop-entry post-1237 post type-post status-publish format-standard hentry category-komunikaty\">\n\t\t<div class=\"entry-content-wrap\">\n\t\t<header class=\"entry-header\">\n\t\t<div class=\"entry-taxonomies\">\n\t\t<span class=\"category-links term-links category-style-normal\">\n\t\t\t<a href=\"https:\/\/zut.zagorz.net\/?cat=2\" rel=\"category\">Komunikaty<\/a>\t\t<\/span>\n\t<\/div><!-- .entry-taxonomies -->\n\t<h4 class=\"entry-title\"><a href=\"https:\/\/zut.zagorz.net\/?p=1237\" rel=\"bookmark\">OG\u0141OSZENIE<\/a><\/h4>\t<div class=\"entry-meta entry-meta-divider-dot\">\n\t<span class=\"posted-by\"><span class=\"meta-label\">Autor<\/span><span class=\"author vcard\"><span class=\"fn n\">Robert \u0141ag\u00f3dka<\/span><\/span><\/span>\t\t\t<span class=\"posted-on\">\n\t\t\t\t<span class=\"meta-label\">Opublikowano:<\/span><time class=\"entry-date published updated\" datetime=\"2025-10-31T14:10:04+01:00\">31 pa\u017adziernika, 2025<\/time>\t\t\t<\/span>\n\t\t\t\t<\/div><!-- .entry-meta -->\n\t<\/header><!-- .entry-header -->\n\t<div class=\"entry-summary\">\n\t\t<p>W dniu 10.11.2025 ( Poniedzia\u0142ek) Biuro Zak\u0142adu Us\u0142ug Technicznych Sp. z o.o. i PSZOK b\u0119dzie nieczynne. Za utrudnienia przepraszamy.<\/p>\n\t<\/div><!-- .entry-summary -->\n\t<footer class=\"entry-footer\">\n\t\t\t<div class=\"entry-actions\">\n\t\t\t<p class=\"more-link-wrap\">\n\t\t\t\t<a href=\"https:\/\/zut.zagorz.net\/?p=1237\" class=\"post-more-link\">\n\t\t\t\t\tCzytaj wi\u0119cej<span class=\"screen-reader-text\"> OG\u0141OSZENIE<\/span><span class=\"kadence-svg-iconset svg-baseline\"><svg aria-hidden=\"true\" class=\"kadence-svg-icon kadence-arrow-right-alt-svg\" fill=\"currentColor\" version=\"1.1\" xmlns=\"http:\/\/www.w3.org\/2000\/svg\" width=\"27\" height=\"28\" viewBox=\"0 0 27 28\"><title>Continue<\/title><path d=\"M27 13.953c0 0.141-0.063 0.281-0.156 0.375l-6 5.531c-0.156 0.141-0.359 0.172-0.547 0.094-0.172-0.078-0.297-0.25-0.297-0.453v-3.5h-19.5c-0.281 0-0.5-0.219-0.5-0.5v-3c0-0.281 0.219-0.5 0.5-0.5h19.5v-3.5c0-0.203 0.109-0.375 0.297-0.453s0.391-0.047 0.547 0.078l6 5.469c0.094 0.094 0.156 0.219 0.156 0.359v0z\"><\/path>\n\t\t\t<\/svg><\/span>\t\t\t\t<\/a>\n\t\t\t<\/p>\n\t\t<\/div><!-- .entry-actions -->\n\t\t<\/footer><!-- .entry-footer -->\t<\/div>\n<\/article>\n<article class=\"entry content-bg loop-entry post-1235 post type-post status-publish format-standard hentry category-komunikaty\">\n\t\t<div class=\"entry-content-wrap\">\n\t\t<header class=\"entry-header\">\n\t\t<div class=\"entry-taxonomies\">\n\t\t<span class=\"category-links term-links category-style-normal\">\n\t\t\t<a href=\"https:\/\/zut.zagorz.net\/?cat=2\" rel=\"category\">Komunikaty<\/a>\t\t<\/span>\n\t<\/div><!-- .entry-taxonomies -->\n\t<h4 class=\"entry-title\"><a href=\"https:\/\/zut.zagorz.net\/?p=1235\" rel=\"bookmark\">Og\u0142oszenie o zatrudnieniu<\/a><\/h4>\t<div class=\"entry-meta entry-meta-divider-dot\">\n\t<span class=\"posted-by\"><span class=\"meta-label\">Autor<\/span><span class=\"author vcard\"><span class=\"fn n\">Robert \u0141ag\u00f3dka<\/span><\/span><\/span>\t\t\t<span class=\"posted-on\">\n\t\t\t\t<span class=\"meta-label\">Opublikowano:<\/span><time class=\"entry-date published\" datetime=\"2025-10-31T14:08:44+01:00\">31 pa\u017adziernika, 2025<\/time><time class=\"updated\" datetime=\"2025-10-31T14:08:45+01:00\">31 pa\u017adziernika, 2025<\/time>\t\t\t<\/span>\n\t\t\t\t<\/div><!-- .entry-meta -->\n\t<\/header><!-- .entry-header -->\n\t<div class=\"entry-summary\">\n\t\t<p>Zak\u0142ad Us\u0142ug Technicznych Sp. z o.o. w Zag\u00f3rzu ZATRUDNI: MECHANIK SAMOCHOD\u00d3W CI\u0118\u017bAROWYCH Zakres obowi\u0105zk\u00f3w: &#8211; Diagnozowanie usterek mechanicznych i elektrycznych samochod\u00f3w ci\u0119\u017carowych &#8211; Wykonywanie napraw i konserwacji pojazd\u00f3w &#8211; Kontrola stanu technicznego floty &#8211; Wymiana cz\u0119\u015bci i element\u00f3w mechanicznych Nasze wymagania: &#8211; Do\u015bwiadczenie w pracy na podobnym stanowisku &#8211; Do\u015bwiadczenie &hellip; <a href=\"https:\/\/zut.zagorz.net\/?p=1235\">Continued<\/a><\/p>\n\t<\/div><!-- .entry-summary -->\n\t<footer class=\"entry-footer\">\n\t\t\t<div class=\"entry-actions\">\n\t\t\t<p class=\"more-link-wrap\">\n\t\t\t\t<a href=\"https:\/\/zut.zagorz.net\/?p=1235\" class=\"post-more-link\">\n\t\t\t\t\tCzytaj wi\u0119cej<span class=\"screen-reader-text\"> Og\u0142oszenie o zatrudnieniu<\/span><span class=\"kadence-svg-iconset svg-baseline\"><svg aria-hidden=\"true\" class=\"kadence-svg-icon kadence-arrow-right-alt-svg\" fill=\"currentColor\" version=\"1.1\" xmlns=\"http:\/\/www.w3.org\/2000\/svg\" width=\"27\" height=\"28\" viewBox=\"0 0 27 28\"><title>Continue<\/title><path d=\"M27 13.953c0 0.141-0.063 0.281-0.156 0.375l-6 5.531c-0.156 0.141-0.359 0.172-0.547 0.094-0.172-0.078-0.297-0.25-0.297-0.453v-3.5h-19.5c-0.281 0-0.5-0.219-0.5-0.5v-3c0-0.281 0.219-0.5 0.5-0.5h19.5v-3.5c0-0.203 0.109-0.375 0.297-0.453s0.391-0.047 0.547 0.078l6 5.469c0.094 0.094 0.156 0.219 0.156 0.359v0z\"><\/path>\n\t\t\t<\/svg><\/span>\t\t\t\t<\/a>\n\t\t\t<\/p>\n\t\t<\/div><!-- .entry-actions -->\n\t\t<\/footer><!-- .entry-footer -->\t<\/div>\n<\/article>\n<\/div>","protected":false},"excerpt":{"rendered":"","protected":false},"author":1,"featured_media":0,"parent":0,"menu_order":0,"comment_status":"closed","ping_status":"closed","template":"","meta":{"kt_blocks_editor_width":"","footnotes":""},"class_list":["post-6","page","type-page","status-publish","hentry"],"_links":{"self":[{"href":"https:\/\/zut.zagorz.net\/index.php?rest_route=\/wp\/v2\/pages\/6"}],"collection":[{"href":"https:\/\/zut.zagorz.net\/index.php?rest_route=\/wp\/v2\/pages"}],"about":[{"href":"https:\/\/zut.zagorz.net\/index.php?rest_route=\/wp\/v2\/types\/page"}],"author":[{"embeddable":true,"href":"https:\/\/zut.zagorz.net\/index.php?rest_route=\/wp\/v2\/users\/1"}],"replies":[{"embeddable":true,"href":"https:\/\/zut.zagorz.net\/index.php?rest_route=%2Fwp%2Fv2%2Fcomments&post=6"}],"version-history":[{"count":23,"href":"https:\/\/zut.zagorz.net\/index.php?rest_route=\/wp\/v2\/pages\/6\/revisions"}],"predecessor-version":[{"id":697,"href":"https:\/\/zut.zagorz.net\/index.php?rest_route=\/wp\/v2\/pages\/6\/revisions\/697"}],"wp:attachment":[{"href":"https:\/\/zut.zagorz.net\/index.php?rest_route=%2Fwp%2Fv2%2Fmedia&parent=6"}],"curies":[{"name":"wp","href":"https:\/\/api.w.org\/{rel}","templated":true}]}}