{"id":65,"date":"2021-04-03T16:25:35","date_gmt":"2021-04-03T14:25:35","guid":{"rendered":"https:\/\/zut.zagorz.net\/?page_id=65"},"modified":"2024-03-25T08:57:42","modified_gmt":"2024-03-25T07:57:42","slug":"fundusze-europejskie","status":"publish","type":"page","link":"https:\/\/zut.zagorz.net\/?page_id=65","title":{"rendered":"Fundusze Europejskie"},"content":{"rendered":"\n<p><\/p>\n\n\n<div class=\"wp-block-kadence-posts kb-posts kb-posts-id-_637e7c-b0 content-wrap grid-cols kb-posts-style-boxed grid-sm-col-1 grid-lg-col-1 item-image-style-beside\"><article class=\"entry content-bg loop-entry post-977 post type-post status-publish format-standard hentry category-fundusze-unijne\">\n\t\t<div class=\"entry-content-wrap\">\n\t\t<header class=\"entry-header\">\n\t\t<div class=\"entry-taxonomies\">\n\t\t<span class=\"category-links term-links category-style-normal\">\n\t\t\t<a href=\"https:\/\/zut.zagorz.net\/?cat=3\" rel=\"category\">Fundusze Unijne<\/a>\t\t<\/span>\n\t<\/div><!-- .entry-taxonomies -->\n\t<h2 class=\"entry-title\"><a href=\"https:\/\/zut.zagorz.net\/?p=977\" rel=\"bookmark\">Przebudowa i rozbudowa oczyszczalni \u015bciek\u00f3w w Zag\u00f3rzu wraz z przy\u0142\u0105czem energetycznym<\/a><\/h2>\t<div class=\"entry-meta entry-meta-divider-dot\">\n\t<span class=\"posted-by\"><span class=\"meta-label\">Autor<\/span><span class=\"author vcard\"><span class=\"fn n\">Robert \u0141ag\u00f3dka<\/span><\/span><\/span>\t\t\t<span class=\"posted-on\">\n\t\t\t\t<span class=\"meta-label\">Opublikowano<\/span><time class=\"entry-date published\" datetime=\"2024-03-25T08:56:47+01:00\">25 marca, 2024<\/time><time class=\"updated\" datetime=\"2024-08-08T09:53:26+02:00\">8 sierpnia, 2024<\/time>\t\t\t<\/span>\n\t\t\t\t<\/div><!-- .entry-meta -->\n\t<\/header><!-- .entry-header -->\n\t<div class=\"entry-summary\">\n\t\t\t<\/div><!-- .entry-summary -->\n\t<footer class=\"entry-footer\">\n\t\t\t<div class=\"entry-actions\">\n\t\t\t<p class=\"more-link-wrap\">\n\t\t\t\t<a href=\"https:\/\/zut.zagorz.net\/?p=977\" class=\"post-more-link\">\n\t\t\t\t\tCzytaj wi\u0119cej<span class=\"screen-reader-text\"> Przebudowa i rozbudowa oczyszczalni \u015bciek\u00f3w w Zag\u00f3rzu wraz z przy\u0142\u0105czem energetycznym<\/span><span class=\"kadence-svg-iconset svg-baseline\"><svg aria-hidden=\"true\" class=\"kadence-svg-icon kadence-arrow-right-alt-svg\" fill=\"currentColor\" version=\"1.1\" xmlns=\"http:\/\/www.w3.org\/2000\/svg\" width=\"27\" height=\"28\" viewBox=\"0 0 27 28\"><title>Continue<\/title><path d=\"M27 13.953c0 0.141-0.063 0.281-0.156 0.375l-6 5.531c-0.156 0.141-0.359 0.172-0.547 0.094-0.172-0.078-0.297-0.25-0.297-0.453v-3.5h-19.5c-0.281 0-0.5-0.219-0.5-0.5v-3c0-0.281 0.219-0.5 0.5-0.5h19.5v-3.5c0-0.203 0.109-0.375 0.297-0.453s0.391-0.047 0.547 0.078l6 5.469c0.094 0.094 0.156 0.219 0.156 0.359v0z\"><\/path>\n\t\t\t<\/svg><\/span>\t\t\t\t<\/a>\n\t\t\t<\/p>\n\t\t<\/div><!-- .entry-actions -->\n\t\t<\/footer><!-- .entry-footer -->\t<\/div>\n<\/article>\n<article class=\"entry content-bg loop-entry post-805 post type-post status-publish format-standard hentry category-fundusze-unijne category-komunikaty\">\n\t\t<div class=\"entry-content-wrap\">\n\t\t<header class=\"entry-header\">\n\t\t<div class=\"entry-taxonomies\">\n\t\t<span class=\"category-links term-links category-style-normal\">\n\t\t\t<a href=\"https:\/\/zut.zagorz.net\/?cat=3\" rel=\"category\">Fundusze Unijne<\/a> | <a href=\"https:\/\/zut.zagorz.net\/?cat=2\" rel=\"category\">Komunikaty<\/a>\t\t<\/span>\n\t<\/div><!-- .entry-taxonomies -->\n\t<h2 class=\"entry-title\"><a href=\"https:\/\/zut.zagorz.net\/?p=805\" rel=\"bookmark\">Przebudowa oczyszczalni \u015bciek\u00f3w w miejscowo\u015bci Kalnica gm. Zag\u00f3rz<\/a><\/h2>\t<div class=\"entry-meta entry-meta-divider-dot\">\n\t<span class=\"posted-by\"><span class=\"meta-label\">Autor<\/span><span class=\"author vcard\"><span class=\"fn n\">Robert \u0141ag\u00f3dka<\/span><\/span><\/span>\t\t\t<span class=\"posted-on\">\n\t\t\t\t<span class=\"meta-label\">Opublikowano<\/span><time class=\"entry-date published\" datetime=\"2023-03-30T12:50:36+02:00\">30 marca, 2023<\/time><time class=\"updated\" datetime=\"2023-05-23T13:00:27+02:00\">23 maja, 2023<\/time>\t\t\t<\/span>\n\t\t\t\t<\/div><!-- .entry-meta -->\n\t<\/header><!-- .entry-header -->\n\t<div class=\"entry-summary\">\n\t\t<p>`\u00a0\u00a0\u00a0\u00a0\u00a0\u00a0\u00a0\u00a0\u00a0\u00a0 \u00a0\u00a0\u00a0\u00a0\u00a0\u00a0\u00a0\u00a0\u00a0\u00a0\u00a0\u00a0\u00a0\u00a0\u00a0\u00a0\u00a0\u00a0\u00a0\u00a0\u00a0\u00a0\u00a0\u00a0\u00a0\u00a0\u00a0\u00a0\u00a0\u00a0\u00a0\u00a0\u00a0\u00a0\u00a0\u00a0\u00a0\u00a0\u00a0\u00a0\u00a0\u00a0\u00a0\u00a0\u00a0\u00a0\u00a0\u00a0\u00a0\u00a0\u00a0\u00a0\u00a0\u00a0\u00a0\u00a0\u00a0\u00a0\u00a0\u00a0\u00a0\u00a0\u00a0\u00a0\u00a0 \u00a0\u00a0\u00a0\u00a0\u00a0\u00a0\u00a0\u00a0\u00a0\u00a0\u00a0\u00a0\u00a0\u00a0\u00a0\u00a0\u00a0\u00a0\u00a0\u00a0\u00a0\u00a0\u00a0\u00a0\u00a0\u00a0\u00a0\u00a0\u00a0\u00a0\u00a0 \u00a0\u00a0\u00a0\u00a0\u00a0\u00a0\u00a0\u00a0\u00a0\u00a0\u00a0\u00a0\u00a0\u00a0\u00a0 \u00a0 \u201eEuropejski Fundusz Rolny na rzecz Rozwoju Obszar\u00f3w Wiejskich: Europa inwestuj\u0105ca w obszary wiejskie&#8221;. Operacja maj\u0105ca na celu popraw\u0119 standard\u00f3w \u017cycia mieszka\u0144c\u00f3w poprzez przebudow\u0119 oczyszczalni \u015bciek\u00f3w w miejscowo\u015bci Kalnica gm. Zag\u00f3rz, wsp\u00f3\u0142finansowana jest ze \u015brodk\u00f3w Unii &hellip; <a href=\"https:\/\/zut.zagorz.net\/?p=805\">Continued<\/a><\/p>\n\t<\/div><!-- .entry-summary -->\n\t<footer class=\"entry-footer\">\n\t\t\t<div class=\"entry-actions\">\n\t\t\t<p class=\"more-link-wrap\">\n\t\t\t\t<a href=\"https:\/\/zut.zagorz.net\/?p=805\" class=\"post-more-link\">\n\t\t\t\t\tCzytaj wi\u0119cej<span class=\"screen-reader-text\"> Przebudowa oczyszczalni \u015bciek\u00f3w w miejscowo\u015bci Kalnica gm. Zag\u00f3rz<\/span><span class=\"kadence-svg-iconset svg-baseline\"><svg aria-hidden=\"true\" class=\"kadence-svg-icon kadence-arrow-right-alt-svg\" fill=\"currentColor\" version=\"1.1\" xmlns=\"http:\/\/www.w3.org\/2000\/svg\" width=\"27\" height=\"28\" viewBox=\"0 0 27 28\"><title>Continue<\/title><path d=\"M27 13.953c0 0.141-0.063 0.281-0.156 0.375l-6 5.531c-0.156 0.141-0.359 0.172-0.547 0.094-0.172-0.078-0.297-0.25-0.297-0.453v-3.5h-19.5c-0.281 0-0.5-0.219-0.5-0.5v-3c0-0.281 0.219-0.5 0.5-0.5h19.5v-3.5c0-0.203 0.109-0.375 0.297-0.453s0.391-0.047 0.547 0.078l6 5.469c0.094 0.094 0.156 0.219 0.156 0.359v0z\"><\/path>\n\t\t\t<\/svg><\/span>\t\t\t\t<\/a>\n\t\t\t<\/p>\n\t\t<\/div><!-- .entry-actions -->\n\t\t<\/footer><!-- .entry-footer -->\t<\/div>\n<\/article>\n<article class=\"entry content-bg loop-entry post-362 post type-post status-publish format-standard hentry category-fundusze-unijne category-komunikaty\">\n\t\t<div class=\"entry-content-wrap\">\n\t\t<header class=\"entry-header\">\n\t\t<div class=\"entry-taxonomies\">\n\t\t<span class=\"category-links term-links category-style-normal\">\n\t\t\t<a href=\"https:\/\/zut.zagorz.net\/?cat=3\" rel=\"category\">Fundusze Unijne<\/a> | <a href=\"https:\/\/zut.zagorz.net\/?cat=2\" rel=\"category\">Komunikaty<\/a>\t\t<\/span>\n\t<\/div><!-- .entry-taxonomies -->\n\t<h2 class=\"entry-title\"><a href=\"https:\/\/zut.zagorz.net\/?p=362\" rel=\"bookmark\">Informacja o realizacji projektu &#8222;Budowa kanalizacji sanitarnej w miejscowo\u015bci \u0141ukowe etap I<\/a><\/h2>\t<div class=\"entry-meta entry-meta-divider-dot\">\n\t<span class=\"posted-by\"><span class=\"meta-label\">Autor<\/span><span class=\"author vcard\"><span class=\"fn n\">Tomasz \u015awierczek<\/span><\/span><\/span>\t\t\t<span class=\"posted-on\">\n\t\t\t\t<span class=\"meta-label\">Opublikowano<\/span><time class=\"entry-date published\" datetime=\"2020-07-20T13:14:00+02:00\">20 lipca, 2020<\/time><time class=\"updated\" datetime=\"2021-04-27T14:50:21+02:00\">27 kwietnia, 2021<\/time>\t\t\t<\/span>\n\t\t\t\t<\/div><!-- .entry-meta -->\n\t<\/header><!-- .entry-header -->\n\t<div class=\"entry-summary\">\n\t\t<p>Zak\u0142ad Us\u0142ug Technicznych Sp.z&nbsp; o.o. informuje o realizacji projektu wsp\u00f3lfinansowanego ze \u015brodk\u00f3w Europejskiego Funduszu Rolnego na rzecz Rozwoju Obszar\u00f3w Wiejskich. Program Rozwoju Obszar\u00f3w Wiejskich na lata 2014-2020 operacje typu \u201cGospodarka wodno-\u015bciekowa\u201d w ramach poddzia\u0142ania \u201c Wsparcie inwestycji zwi\u0105zanych z tworzeniem, &hellip; <a href=\"https:\/\/zut.zagorz.net\/?p=362\">Continued<\/a><\/p>\n\t<\/div><!-- .entry-summary -->\n\t<footer class=\"entry-footer\">\n\t\t\t<div class=\"entry-actions\">\n\t\t\t<p class=\"more-link-wrap\">\n\t\t\t\t<a href=\"https:\/\/zut.zagorz.net\/?p=362\" class=\"post-more-link\">\n\t\t\t\t\tCzytaj wi\u0119cej<span class=\"screen-reader-text\"> Informacja o realizacji projektu &#8222;Budowa kanalizacji sanitarnej w miejscowo\u015bci \u0141ukowe etap I<\/span><span class=\"kadence-svg-iconset svg-baseline\"><svg aria-hidden=\"true\" class=\"kadence-svg-icon kadence-arrow-right-alt-svg\" fill=\"currentColor\" version=\"1.1\" xmlns=\"http:\/\/www.w3.org\/2000\/svg\" width=\"27\" height=\"28\" viewBox=\"0 0 27 28\"><title>Continue<\/title><path d=\"M27 13.953c0 0.141-0.063 0.281-0.156 0.375l-6 5.531c-0.156 0.141-0.359 0.172-0.547 0.094-0.172-0.078-0.297-0.25-0.297-0.453v-3.5h-19.5c-0.281 0-0.5-0.219-0.5-0.5v-3c0-0.281 0.219-0.5 0.5-0.5h19.5v-3.5c0-0.203 0.109-0.375 0.297-0.453s0.391-0.047 0.547 0.078l6 5.469c0.094 0.094 0.156 0.219 0.156 0.359v0z\"><\/path>\n\t\t\t<\/svg><\/span>\t\t\t\t<\/a>\n\t\t\t<\/p>\n\t\t<\/div><!-- .entry-actions -->\n\t\t<\/footer><!-- .entry-footer -->\t<\/div>\n<\/article>\n<article class=\"entry content-bg loop-entry post-25 post type-post status-publish format-standard hentry category-fundusze-unijne\">\n\t\t<div class=\"entry-content-wrap\">\n\t\t<header class=\"entry-header\">\n\t\t<div class=\"entry-taxonomies\">\n\t\t<span class=\"category-links term-links category-style-normal\">\n\t\t\t<a href=\"https:\/\/zut.zagorz.net\/?cat=3\" rel=\"category\">Fundusze Unijne<\/a>\t\t<\/span>\n\t<\/div><!-- .entry-taxonomies -->\n\t<h2 class=\"entry-title\"><a href=\"https:\/\/zut.zagorz.net\/?p=25\" rel=\"bookmark\">Informacja o realizacji projektu: Wyposa\u017cenie PSZOK<\/a><\/h2>\t<div class=\"entry-meta entry-meta-divider-dot\">\n\t<span class=\"posted-by\"><span class=\"meta-label\">Autor<\/span><span class=\"author vcard\"><span class=\"fn n\">admin<\/span><\/span><\/span>\t\t\t<span class=\"posted-on\">\n\t\t\t\t<span class=\"meta-label\">Opublikowano<\/span><time class=\"entry-date published\" datetime=\"2019-10-31T14:15:00+01:00\">31 pa\u017adziernika, 2019<\/time><time class=\"updated\" datetime=\"2021-04-03T15:08:44+02:00\">3 kwietnia, 2021<\/time>\t\t\t<\/span>\n\t\t\t\t<\/div><!-- .entry-meta -->\n\t<\/header><!-- .entry-header -->\n\t<div class=\"entry-summary\">\n\t\t<p>Informacja o realizacji projektu wsp\u00f3\u0142finansowanego ze \u015brodk\u00f3w Regionalnego Programu Operacyjnego Wojew\u00f3dztwa Podkarpackiego na lata 2014 &#8211; 2020 w ramach Osi Priorytetowej nr IV \u201dOchrona \u015brodowiska naturalnego i dziedzictwa kulturowego&#8221; nr RPPK.04.02.00-18-0013\/19-00: Wyposa\u017cenie PSZOK w zak\u0142adzie Us\u0142ug Technicznych Sp. z o.o. &hellip; <a href=\"https:\/\/zut.zagorz.net\/?p=25\">Continued<\/a><\/p>\n\t<\/div><!-- .entry-summary -->\n\t<footer class=\"entry-footer\">\n\t\t\t<div class=\"entry-actions\">\n\t\t\t<p class=\"more-link-wrap\">\n\t\t\t\t<a href=\"https:\/\/zut.zagorz.net\/?p=25\" class=\"post-more-link\">\n\t\t\t\t\tCzytaj wi\u0119cej<span class=\"screen-reader-text\"> Informacja o realizacji projektu: Wyposa\u017cenie PSZOK<\/span><span class=\"kadence-svg-iconset svg-baseline\"><svg aria-hidden=\"true\" class=\"kadence-svg-icon kadence-arrow-right-alt-svg\" fill=\"currentColor\" version=\"1.1\" xmlns=\"http:\/\/www.w3.org\/2000\/svg\" width=\"27\" height=\"28\" viewBox=\"0 0 27 28\"><title>Continue<\/title><path d=\"M27 13.953c0 0.141-0.063 0.281-0.156 0.375l-6 5.531c-0.156 0.141-0.359 0.172-0.547 0.094-0.172-0.078-0.297-0.25-0.297-0.453v-3.5h-19.5c-0.281 0-0.5-0.219-0.5-0.5v-3c0-0.281 0.219-0.5 0.5-0.5h19.5v-3.5c0-0.203 0.109-0.375 0.297-0.453s0.391-0.047 0.547 0.078l6 5.469c0.094 0.094 0.156 0.219 0.156 0.359v0z\"><\/path>\n\t\t\t<\/svg><\/span>\t\t\t\t<\/a>\n\t\t\t<\/p>\n\t\t<\/div><!-- .entry-actions -->\n\t\t<\/footer><!-- .entry-footer -->\t<\/div>\n<\/article>\n<article class=\"entry content-bg loop-entry post-21 post type-post status-publish format-standard hentry category-fundusze-unijne\">\n\t\t<div class=\"entry-content-wrap\">\n\t\t<header class=\"entry-header\">\n\t\t<div class=\"entry-taxonomies\">\n\t\t<span class=\"category-links term-links category-style-normal\">\n\t\t\t<a href=\"https:\/\/zut.zagorz.net\/?cat=3\" rel=\"category\">Fundusze Unijne<\/a>\t\t<\/span>\n\t<\/div><!-- .entry-taxonomies -->\n\t<h2 class=\"entry-title\"><a href=\"https:\/\/zut.zagorz.net\/?p=21\" rel=\"bookmark\">Przebudowa infrastruktury wodoci\u0105gowej w miejscowo\u015bciach Kalnica i \u015arednie Wielkie<\/a><\/h2>\t<div class=\"entry-meta entry-meta-divider-dot\">\n\t<span class=\"posted-by\"><span class=\"meta-label\">Autor<\/span><span class=\"author vcard\"><span class=\"fn n\">admin<\/span><\/span><\/span>\t\t\t<span class=\"posted-on\">\n\t\t\t\t<span class=\"meta-label\">Opublikowano<\/span><time class=\"entry-date published\" datetime=\"2019-03-15T17:24:00+01:00\">15 marca, 2019<\/time><time class=\"updated\" datetime=\"2021-04-03T15:05:21+02:00\">3 kwietnia, 2021<\/time>\t\t\t<\/span>\n\t\t\t\t<\/div><!-- .entry-meta -->\n\t<\/header><!-- .entry-header -->\n\t<div class=\"entry-summary\">\n\t\t\t<\/div><!-- .entry-summary -->\n\t<footer class=\"entry-footer\">\n\t\t\t<div class=\"entry-actions\">\n\t\t\t<p class=\"more-link-wrap\">\n\t\t\t\t<a href=\"https:\/\/zut.zagorz.net\/?p=21\" class=\"post-more-link\">\n\t\t\t\t\tCzytaj wi\u0119cej<span class=\"screen-reader-text\"> Przebudowa infrastruktury wodoci\u0105gowej w miejscowo\u015bciach Kalnica i \u015arednie Wielkie<\/span><span class=\"kadence-svg-iconset svg-baseline\"><svg aria-hidden=\"true\" class=\"kadence-svg-icon kadence-arrow-right-alt-svg\" fill=\"currentColor\" version=\"1.1\" xmlns=\"http:\/\/www.w3.org\/2000\/svg\" width=\"27\" height=\"28\" viewBox=\"0 0 27 28\"><title>Continue<\/title><path d=\"M27 13.953c0 0.141-0.063 0.281-0.156 0.375l-6 5.531c-0.156 0.141-0.359 0.172-0.547 0.094-0.172-0.078-0.297-0.25-0.297-0.453v-3.5h-19.5c-0.281 0-0.5-0.219-0.5-0.5v-3c0-0.281 0.219-0.5 0.5-0.5h19.5v-3.5c0-0.203 0.109-0.375 0.297-0.453s0.391-0.047 0.547 0.078l6 5.469c0.094 0.094 0.156 0.219 0.156 0.359v0z\"><\/path>\n\t\t\t<\/svg><\/span>\t\t\t\t<\/a>\n\t\t\t<\/p>\n\t\t<\/div><!-- .entry-actions -->\n\t\t<\/footer><!-- .entry-footer -->\t<\/div>\n<\/article>\n<\/div>","protected":false},"excerpt":{"rendered":"","protected":false},"author":1,"featured_media":0,"parent":0,"menu_order":0,"comment_status":"closed","ping_status":"closed","template":"","meta":{"kt_blocks_editor_width":"","footnotes":""},"class_list":["post-65","page","type-page","status-publish","hentry"],"_links":{"self":[{"href":"https:\/\/zut.zagorz.net\/index.php?rest_route=\/wp\/v2\/pages\/65"}],"collection":[{"href":"https:\/\/zut.zagorz.net\/index.php?rest_route=\/wp\/v2\/pages"}],"about":[{"href":"https:\/\/zut.zagorz.net\/index.php?rest_route=\/wp\/v2\/types\/page"}],"author":[{"embeddable":true,"href":"https:\/\/zut.zagorz.net\/index.php?rest_route=\/wp\/v2\/users\/1"}],"replies":[{"embeddable":true,"href":"https:\/\/zut.zagorz.net\/index.php?rest_route=%2Fwp%2Fv2%2Fcomments&post=65"}],"version-history":[{"count":5,"href":"https:\/\/zut.zagorz.net\/index.php?rest_route=\/wp\/v2\/pages\/65\/revisions"}],"predecessor-version":[{"id":981,"href":"https:\/\/zut.zagorz.net\/index.php?rest_route=\/wp\/v2\/pages\/65\/revisions\/981"}],"wp:attachment":[{"href":"https:\/\/zut.zagorz.net\/index.php?rest_route=%2Fwp%2Fv2%2Fmedia&parent=65"}],"curies":[{"name":"wp","href":"https:\/\/api.w.org\/{rel}","templated":true}]}}